{"id":1134,"date":"2022-05-27T10:05:37","date_gmt":"2022-05-27T10:05:37","guid":{"rendered":"https:\/\/redplanetmarketing.net\/aquinas\/?page_id=1134"},"modified":"2026-04-20T07:23:14","modified_gmt":"2026-04-20T07:23:14","slug":"getafe-international-madrid-football-academy","status":"publish","type":"page","link":"https:\/\/aquinas-american-school.es\/en\/athletics\/getafe-international-madrid-football-academy\/","title":{"rendered":"Getafe International Madrid Football Academy"},"content":{"rendered":"<p>[et_pb_section fb_built=&#8221;1&#8243; _builder_version=&#8221;4.17.3&#8243; _module_preset=&#8221;default&#8221; global_colors_info=&#8221;{}&#8221;][et_pb_row _builder_version=&#8221;4.17.3&#8243; _module_preset=&#8221;default&#8221; custom_padding=&#8221;||||false|false&#8221; locked=&#8221;off&#8221; global_colors_info=&#8221;{}&#8221;][et_pb_column type=&#8221;4_4&#8243; saved_specialty_column_type=&#8221;1_2&#8243; _builder_version=&#8221;4.17.3&#8243; _module_preset=&#8221;default&#8221; global_colors_info=&#8221;{}&#8221;][et_pb_text _builder_version=&#8221;4.17.3&#8243; _module_preset=&#8221;default&#8221; text_font=&#8221;FUTURA PT BOOK|300|||||||&#8221; text_text_color=&#8221;#6f6f6f&#8221; text_orientation=&#8221;center&#8221; custom_margin=&#8221;||0px||false|false&#8221; global_colors_info=&#8221;{}&#8221;]<span style=\"color: #040332;\">ATHLETICS<\/span>[\/et_pb_text][et_pb_text _builder_version=&#8221;4.17.3&#8243; _module_preset=&#8221;8293def9-60fd-49f5-bc4c-c3e6b201c24f&#8221; header_font=&#8221;FUTURA BT BOOK|700|||||||&#8221; header_text_color=&#8221;gcid-b100d0f9-40d8-4cc8-bf0b-a9f65780d77c&#8221; header_line_height=&#8221;1.4em&#8221; global_colors_info=&#8221;{%22gcid-b100d0f9-40d8-4cc8-bf0b-a9f65780d77c%22:%91%22header_2_text_color%22,%22header_2_text_color%22,%22header_text_color%22%93}&#8221;]<\/p>\n<h1 style=\"text-align: center;\"><span>Getafe International Madrid Football Academy<\/span><\/h1>\n<p>[\/et_pb_text][et_pb_text _builder_version=&#8221;4.27.4&#8243; _module_preset=&#8221;default&#8221; hover_enabled=&#8221;0&#8243; sticky_enabled=&#8221;0&#8243; text_font=&#8221;&#8211;et_global_body_font||||||||&#8221; text_font_size_last_edited=&#8221;on|phone&#8221; text_font_size_phone=&#8221;15px&#8221; locked=&#8221;off&#8221;]<\/p>\n<nav aria-label=\"breadcrumbs\" class=\"rank-math-breadcrumb\"><p><span class=\"last\">American School in Madrid<\/span><\/p><\/nav>\n<p>[\/et_pb_text][et_pb_image src=&#8221;https:\/\/aquinas-american-school.es\/wp-content\/uploads\/2022\/05\/madrid-international-footbal.png&#8221; title_text=&#8221;madrid international footbal&#8221; url=&#8221;https:\/\/www.getafeinternational.com\/&#8221; align=&#8221;center&#8221; _builder_version=&#8221;4.17.3&#8243; _module_preset=&#8221;default&#8221; global_colors_info=&#8221;{}&#8221;][\/et_pb_image][et_pb_text _builder_version=&#8221;4.17.3&#8243; _module_preset=&#8221;default&#8221; global_colors_info=&#8221;{}&#8221;]<\/p>\n<p>Getafe International Madrid Football Academy has launched an ambitious initiative focused on the strategic development of young talent. With an exclusive methodology adapted to the individual needs of the players, our Academy helps them achieve their maximum performance, accompanying and assessing them throughout their personal growth as well as advising them in their future plans.<\/p>\n<p>Getafe International Madrid Football Academy will provide its players with the best equipment and human resources available to give them a unique and unforgettable experience doing what they love to do: PLAY FOOTBALL.<\/p>\n<p>[\/et_pb_text][\/et_pb_column][\/et_pb_row][et_pb_row column_structure=&#8221;1_2,1_2&#8243; use_custom_gutter=&#8221;on&#8221; gutter_width=&#8221;1&#8243; make_equal=&#8221;on&#8221; _builder_version=&#8221;4.17.3&#8243; _module_preset=&#8221;default&#8221; custom_margin=&#8221;||-5px||false|false&#8221; custom_padding=&#8221;||0px||false|false&#8221; custom_css_main_element=&#8221;align-items: center;&#8221; global_colors_info=&#8221;{}&#8221;][et_pb_column type=&#8221;1_2&#8243; _builder_version=&#8221;4.17.3&#8243; _module_preset=&#8221;default&#8221; custom_padding=&#8221;||0px||false|false&#8221; custom_css_main_element=&#8221;align-items: flex-end;&#8221; global_colors_info=&#8221;{}&#8221;][et_pb_image src=&#8221;https:\/\/aquinas-american-school.es\/wp-content\/uploads\/2022\/07\/GIMAFA-05.jpg&#8221; title_text=&#8221;GIMAFA-05&#8243; _builder_version=&#8221;4.17.3&#8243; _module_preset=&#8221;default&#8221; global_colors_info=&#8221;{}&#8221;][\/et_pb_image][\/et_pb_column][et_pb_column type=&#8221;1_2&#8243; _builder_version=&#8221;4.17.3&#8243; _module_preset=&#8221;default&#8221; background_color=&#8221;gcid-ac0368fe-477a-4608-971d-d118ee0153f4&#8243; custom_padding=&#8221;0px||||false|false&#8221; global_colors_info=&#8221;{%22gcid-ac0368fe-477a-4608-971d-d118ee0153f4%22:%91%22background_color%22%93}&#8221;][et_pb_text _builder_version=&#8221;4.17.3&#8243; _module_preset=&#8221;default&#8221; text_font=&#8221;FUTURA PT BOOK|300|||||||&#8221; text_text_color=&#8221;#6f6f6f&#8221; text_orientation=&#8221;center&#8221; custom_margin=&#8221;||0px||false|false&#8221; custom_padding=&#8221;1em|2em||2em|false|true&#8221; global_colors_info=&#8221;{}&#8221;]<\/p>\n<p style=\"text-align: left;\"><span style=\"color: #ffffff;\">ATHLETICS<\/span><\/p>\n<p>[\/et_pb_text][et_pb_text _builder_version=&#8221;4.17.3&#8243; _module_preset=&#8221;8293def9-60fd-49f5-bc4c-c3e6b201c24f&#8221; header_font=&#8221;FUTURA BT BOOK|700|||||||&#8221; header_text_color=&#8221;gcid-b100d0f9-40d8-4cc8-bf0b-a9f65780d77c&#8221; header_line_height=&#8221;1.4em&#8221; header_2_font_size=&#8221;36px&#8221; custom_padding=&#8221;0em|2em|0em|2em|true|true&#8221; header_2_font_size_tablet=&#8221;36px&#8221; header_2_font_size_phone=&#8221;36px&#8221; header_2_font_size_last_edited=&#8221;on|phone&#8221; global_colors_info=&#8221;{%22gcid-b100d0f9-40d8-4cc8-bf0b-a9f65780d77c%22:%91%22header_2_text_color%22,%22header_2_text_color%22,%22header_text_color%22%93}&#8221;]<\/p>\n<h2 style=\"text-align: left;\"><span style=\"color: #ffffff;\">TRAIN IN OUR HIGH PERFORMANCE TEAM<\/span><\/h2>\n<p>[\/et_pb_text][et_pb_text _builder_version=&#8221;4.17.3&#8243; _module_preset=&#8221;default&#8221; custom_padding=&#8221;|2em|1em|2em|false|true&#8221; global_colors_info=&#8221;{}&#8221;]<\/p>\n<ul>\n<li><span style=\"color: #ffffff;\">Soccer High Performance Center<\/span><\/li>\n<li><span style=\"color: #ffffff;\">GETAFE C.F. Coaches (UEFA PRO)<\/span><\/li>\n<li><span style=\"color: #ffffff;\">Exclusive Methodology oriented to the individual improvement of the player<\/span><\/li>\n<li><span style=\"color: #ffffff;\">High level competition in tournaments and promotion games<\/span><\/li>\n<li><span style=\"color: #ffffff;\">Guidance and promotion of the player&#8217;s football career<\/span><\/li>\n<\/ul>\n<p>[\/et_pb_text][\/et_pb_column][\/et_pb_row][et_pb_row column_structure=&#8221;1_4,1_4,1_4,1_4&#8243; use_custom_gutter=&#8221;on&#8221; gutter_width=&#8221;1&#8243; _builder_version=&#8221;4.17.3&#8243; _module_preset=&#8221;default&#8221; custom_margin=&#8221;-5px||||false|false&#8221; custom_padding=&#8221;0px||||false|false&#8221; global_colors_info=&#8221;{}&#8221;][et_pb_column type=&#8221;1_4&#8243; _builder_version=&#8221;4.17.3&#8243; _module_preset=&#8221;default&#8221; global_colors_info=&#8221;{}&#8221;][et_pb_image src=&#8221;https:\/\/aquinas-american-school.es\/wp-content\/uploads\/2022\/07\/GIMAFA-04.jpg&#8221; title_text=&#8221;GIMAFA-04&#8243; _builder_version=&#8221;4.17.3&#8243; _module_preset=&#8221;default&#8221; global_colors_info=&#8221;{}&#8221;][\/et_pb_image][\/et_pb_column][et_pb_column type=&#8221;1_4&#8243; _builder_version=&#8221;4.17.3&#8243; _module_preset=&#8221;default&#8221; global_colors_info=&#8221;{}&#8221;][et_pb_image src=&#8221;https:\/\/aquinas-american-school.es\/wp-content\/uploads\/2022\/07\/GIMAFA-02.jpg&#8221; title_text=&#8221;GIMAFA-02&#8243; _builder_version=&#8221;4.17.3&#8243; _module_preset=&#8221;default&#8221; global_colors_info=&#8221;{}&#8221;][\/et_pb_image][\/et_pb_column][et_pb_column type=&#8221;1_4&#8243; _builder_version=&#8221;4.17.3&#8243; _module_preset=&#8221;default&#8221; global_colors_info=&#8221;{}&#8221;][et_pb_image src=&#8221;https:\/\/aquinas-american-school.es\/wp-content\/uploads\/2022\/07\/GIMAFA-01.jpg&#8221; title_text=&#8221;GIMAFA-01&#8243; _builder_version=&#8221;4.17.3&#8243; _module_preset=&#8221;default&#8221; global_colors_info=&#8221;{}&#8221;][\/et_pb_image][\/et_pb_column][et_pb_column type=&#8221;1_4&#8243; _builder_version=&#8221;4.17.3&#8243; _module_preset=&#8221;default&#8221; global_colors_info=&#8221;{}&#8221;][et_pb_image src=&#8221;https:\/\/aquinas-american-school.es\/wp-content\/uploads\/2022\/07\/GIMAFA-03.jpg&#8221; title_text=&#8221;GIMAFA-03&#8243; _builder_version=&#8221;4.17.3&#8243; _module_preset=&#8221;default&#8221; global_colors_info=&#8221;{}&#8221;][\/et_pb_image][\/et_pb_column][\/et_pb_row][et_pb_row _builder_version=&#8221;4.17.3&#8243; _module_preset=&#8221;default&#8221; custom_padding=&#8221;||4em||false|false&#8221; global_colors_info=&#8221;{}&#8221;][et_pb_column type=&#8221;4_4&#8243; _builder_version=&#8221;4.17.3&#8243; _module_preset=&#8221;default&#8221; global_colors_info=&#8221;{}&#8221;][et_pb_text _builder_version=&#8221;4.19.2&#8243; _module_preset=&#8221;default&#8221; global_colors_info=&#8221;{}&#8221;]<\/p>\n<div style=\"text-align: center;\">\n<p>For more information about our program:<br \/><a href=\"mailto:info@getafeinternational.com\" target=\"_blank\" rel=\"noopener\">info@getafeinternational.com<\/a><\/p>\n<p><a href=\"http:\/\/www.getafeinternational.com\/\" target=\"_blank\" rel=\"noopener\" style=\"font-size: 28px;\">Check out the Getafe International MFA website!<\/a><\/p>\n<\/div>\n<p>[\/et_pb_text][\/et_pb_column][\/et_pb_row][\/et_pb_section]<\/p>\n","protected":false},"excerpt":{"rendered":"<p>ATHLETICSGetafe International Madrid Football Academy<nav aria-label=\"breadcrumbs\" class=\"rank-math-breadcrumb\"><p><span class=\"last\">American School in Madrid<\/span><\/p><\/nav>Getafe International Madrid Football Academy has launched an ambitious initiative focused on the strategic development of young talent. With an exclusive methodology adapted to the individual needs of the players, our Academy helps them achieve their maximum performance, accompanying and assessing them throughout their personal growth as well as advising them [&hellip;]<\/p>\n","protected":false},"author":5,"featured_media":0,"parent":1127,"menu_order":0,"comment_status":"closed","ping_status":"closed","template":"","meta":{"_et_pb_use_builder":"on","_et_pb_old_content":"[et_pb_section fb_built=\"1\" _builder_version=\"4.17.3\" _module_preset=\"default\" global_colors_info=\"{}\"][et_pb_row _builder_version=\"4.17.3\" _module_preset=\"default\" custom_padding=\"||||false|false\" locked=\"off\" global_colors_info=\"{}\"][et_pb_column type=\"4_4\" saved_specialty_column_type=\"1_2\" _builder_version=\"4.17.3\" _module_preset=\"default\" global_colors_info=\"{}\"][et_pb_text _builder_version=\"4.17.3\" _module_preset=\"default\" text_font=\"FUTURA PT BOOK|300|||||||\" text_text_color=\"#6f6f6f\" text_orientation=\"center\" custom_margin=\"||0px||false|false\" global_colors_info=\"{}\"]\r\n\r\n<span style=\"color: #040332;\">DEPORTES<\/span>\r\n\r\n[\/et_pb_text][et_pb_text _builder_version=\"4.17.3\" _module_preset=\"8293def9-60fd-49f5-bc4c-c3e6b201c24f\" header_font=\"FUTURA BT BOOK|700|||||||\" header_text_color=\"gcid-b100d0f9-40d8-4cc8-bf0b-a9f65780d77c\" header_line_height=\"1.4em\" header_2_text_color=\"gcid-b100d0f9-40d8-4cc8-bf0b-a9f65780d77c\" global_colors_info=\"{%22gcid-b100d0f9-40d8-4cc8-bf0b-a9f65780d77c%22:%91%22header_2_text_color%22,%22header_2_text_color%22,%22header_text_color%22%93}\"]\r\n<h1 style=\"text-align: center;\"><span>Getafe International Madrid Football Academy<\/span><\/h1>\r\n[\/et_pb_text][et_pb_image src=\"https:\/\/aquinas-american-school.es\/wp-content\/uploads\/2022\/05\/madrid-international-footbal.png\" title_text=\"madrid international footbal\" url=\"https:\/\/www.getafeinternational.com\/\" align=\"center\" _builder_version=\"4.17.3\" _module_preset=\"default\" global_colors_info=\"{}\"][\/et_pb_image][et_pb_text _builder_version=\"4.17.3\" _module_preset=\"default\" global_colors_info=\"{}\"]\r\n<div>Getafe International Madrid Football Academy lanza para los j\u00f3venes prometedores futbolistas un ambicioso proyecto con una metodolog\u00eda exclusiva adaptada a las necesidades individuales de cada jugador, ayud\u00e1ndolos a alcanzar su m\u00e1ximo rendimiento, acompa\u00f1\u00e1ndoles en todo momento y aconsej\u00e1ndoles a lo largo de su crecimiento personal, as\u00ed como gui\u00e1ndoles en sus planes del futuro.<\/div>\r\n<div><\/div>\r\n<div>Getafe International Madrid Football Academy ofrecer\u00e1 a sus jugadores el mejor equipo, en todos los sentidos, para que disfruten de una experiencia \u00fanica e inolvidable haciendo lo que m\u00e1s les gusta hacer, jugar al f\u00fatbol.<\/div>\r\n[\/et_pb_text][\/et_pb_column][\/et_pb_row][et_pb_row column_structure=\"1_2,1_2\" use_custom_gutter=\"on\" gutter_width=\"1\" make_equal=\"on\" _builder_version=\"4.17.3\" _module_preset=\"default\" custom_padding=\"||0px||false|false\" hover_enabled=\"0\" global_colors_info=\"{}\" custom_css_main_element=\"align-items: center;\" sticky_enabled=\"0\" custom_margin=\"||-5px||false|false\"][et_pb_column type=\"1_2\" _builder_version=\"4.17.3\" _module_preset=\"default\" hover_enabled=\"0\" global_colors_info=\"{}\" custom_css_main_element=\"align-items: flex-end;\" sticky_enabled=\"0\" custom_padding=\"||0px||false|false\"][et_pb_image src=\"https:\/\/aquinas-american-school.es\/wp-content\/uploads\/2022\/07\/GIMAFA-05.jpg\" _builder_version=\"4.17.3\" _module_preset=\"default\" hover_enabled=\"0\" global_colors_info=\"{}\" title_text=\"GIMAFA-05\" sticky_enabled=\"0\"][\/et_pb_image][\/et_pb_column][et_pb_column type=\"1_2\" _builder_version=\"4.17.3\" _module_preset=\"default\" background_color=\"gcid-ac0368fe-477a-4608-971d-d118ee0153f4\" custom_padding=\"0px||||false|false\" global_colors_info=\"{%22gcid-ac0368fe-477a-4608-971d-d118ee0153f4%22:%91%22background_color%22%93}\"][et_pb_text _builder_version=\"4.17.3\" _module_preset=\"default\" text_font=\"FUTURA PT BOOK|300|||||||\" text_text_color=\"#6f6f6f\" text_orientation=\"center\" custom_margin=\"||0px||false|false\" custom_padding=\"1em|2em||2em|false|true\" global_colors_info=\"{}\"]\r\n<p style=\"text-align: left;\"><span style=\"color: #ffffff;\">DEPORTES<\/span><\/p>\r\n[\/et_pb_text][et_pb_text _builder_version=\"4.17.3\" _module_preset=\"8293def9-60fd-49f5-bc4c-c3e6b201c24f\" header_font=\"FUTURA BT BOOK|700|||||||\" header_text_color=\"gcid-b100d0f9-40d8-4cc8-bf0b-a9f65780d77c\" header_line_height=\"1.4em\" header_2_text_color=\"gcid-b100d0f9-40d8-4cc8-bf0b-a9f65780d77c\" header_2_font_size=\"36px\" custom_padding=\"0em|2em|0em|2em|true|true\" header_2_font_size_tablet=\"36px\" header_2_font_size_phone=\"36px\" header_2_font_size_last_edited=\"on|phone\" global_colors_info=\"{%22gcid-b100d0f9-40d8-4cc8-bf0b-a9f65780d77c%22:%91%22header_2_text_color%22,%22header_2_text_color%22,%22header_text_color%22%93}\"]\r\n<h2 style=\"text-align: left;\"><span style=\"color: #ffffff;\">Entrena en nuestro equipo de alto rendimiento<\/span><\/h2>\r\n[\/et_pb_text][et_pb_text _builder_version=\"4.17.3\" _module_preset=\"default\" custom_padding=\"|2em|1em|2em|false|true\" global_colors_info=\"{}\"]\r\n<ul>\r\n \t<li><span style=\"color: #ffffff;\">Centro de entrenamiento de alto rendimiento<\/span><\/li>\r\n \t<li><span style=\"color: #ffffff;\">Entrenadores del GETAFE C.F. (UEFA PRO)<\/span><\/li>\r\n \t<li><span style=\"color: #ffffff;\">Metodolog\u00eda exclusiva orientada al desarrollo individual del jugador<\/span><\/li>\r\n \t<li><span style=\"color: #ffffff;\">Torneos de alta competici\u00f3n y competiciones promocionales<\/span><\/li>\r\n \t<li><span style=\"color: #ffffff;\">Gu\u00eda y promoci\u00f3n de la carrera profesional de f\u00fatbol de cada jugador<\/span><\/li>\r\n<\/ul>\r\n[\/et_pb_text][\/et_pb_column][\/et_pb_row][et_pb_row column_structure=\"1_4,1_4,1_4,1_4\" use_custom_gutter=\"on\" gutter_width=\"1\" _builder_version=\"4.17.3\" _module_preset=\"default\" custom_margin=\"-5px||||false|false\" custom_padding=\"0px||||false|false\" hover_enabled=\"0\" global_colors_info=\"{}\" sticky_enabled=\"0\"][et_pb_column type=\"1_4\" _builder_version=\"4.17.3\" _module_preset=\"default\" global_colors_info=\"{}\"][et_pb_image src=\"https:\/\/aquinas-american-school.es\/wp-content\/uploads\/2022\/07\/GIMAFA-04.jpg\" _builder_version=\"4.17.3\" _module_preset=\"default\" hover_enabled=\"0\" global_colors_info=\"{}\" title_text=\"GIMAFA-04\" sticky_enabled=\"0\"][\/et_pb_image][\/et_pb_column][et_pb_column type=\"1_4\" _builder_version=\"4.17.3\" _module_preset=\"default\" global_colors_info=\"{}\"][et_pb_image src=\"https:\/\/aquinas-american-school.es\/wp-content\/uploads\/2022\/07\/GIMAFA-02.jpg\" _builder_version=\"4.17.3\" _module_preset=\"default\" hover_enabled=\"0\" global_colors_info=\"{}\" title_text=\"GIMAFA-02\" sticky_enabled=\"0\"][\/et_pb_image][\/et_pb_column][et_pb_column type=\"1_4\" _builder_version=\"4.17.3\" _module_preset=\"default\" global_colors_info=\"{}\"][et_pb_image src=\"https:\/\/aquinas-american-school.es\/wp-content\/uploads\/2022\/07\/GIMAFA-01.jpg\" _builder_version=\"4.17.3\" _module_preset=\"default\" hover_enabled=\"0\" global_colors_info=\"{}\" title_text=\"GIMAFA-01\" sticky_enabled=\"0\"][\/et_pb_image][\/et_pb_column][et_pb_column type=\"1_4\" _builder_version=\"4.17.3\" _module_preset=\"default\" global_colors_info=\"{}\"][et_pb_image src=\"https:\/\/aquinas-american-school.es\/wp-content\/uploads\/2022\/07\/GIMAFA-03.jpg\" _builder_version=\"4.17.3\" _module_preset=\"default\" hover_enabled=\"0\" global_colors_info=\"{}\" title_text=\"GIMAFA-03\" sticky_enabled=\"0\"][\/et_pb_image][\/et_pb_column][\/et_pb_row][et_pb_row _builder_version=\"4.17.3\" _module_preset=\"default\" custom_padding=\"||4em||false|false\" global_colors_info=\"{}\"][et_pb_column type=\"4_4\" _builder_version=\"4.17.3\" _module_preset=\"default\" global_colors_info=\"{}\"][et_pb_text _builder_version=\"4.17.3\" _module_preset=\"default\" global_colors_info=\"{}\"]\r\n<div style=\"text-align: center;\">Para m\u00e1s informaci\u00f3n sobre nuestro programa de Getafe International MFA:\r\n<a href=\"mailto:info@getafeinternational.com\" target=\"_blank\" rel=\"noopener\">info@getafeinternational.com<\/a><\/div>\r\n<div style=\"text-align: center;\"><\/div>\r\n<p style=\"text-align: center;\"><a href=\"http:\/\/www.getafeinternational.com\/\" target=\"_blank\" rel=\"noopener\">\u00a1Visita la web de Getafe International MFA!<\/a><\/p>\r\n<p style=\"text-align: center;\"><a href=\"https:\/\/www.instagram.com\/getafeinternational\/?hl=es\">Puedes encontrar Getafe International en instagram<\/a><\/p>\r\n[\/et_pb_text][\/et_pb_column][\/et_pb_row][\/et_pb_section]","_et_gb_content_width":"","footnotes":""},"class_list":["post-1134","page","type-page","status-publish","hentry"],"_links":{"self":[{"href":"https:\/\/aquinas-american-school.es\/en\/wp-json\/wp\/v2\/pages\/1134","targetHints":{"allow":["GET"]}}],"collection":[{"href":"https:\/\/aquinas-american-school.es\/en\/wp-json\/wp\/v2\/pages"}],"about":[{"href":"https:\/\/aquinas-american-school.es\/en\/wp-json\/wp\/v2\/types\/page"}],"author":[{"embeddable":true,"href":"https:\/\/aquinas-american-school.es\/en\/wp-json\/wp\/v2\/users\/5"}],"replies":[{"embeddable":true,"href":"https:\/\/aquinas-american-school.es\/en\/wp-json\/wp\/v2\/comments?post=1134"}],"version-history":[{"count":2,"href":"https:\/\/aquinas-american-school.es\/en\/wp-json\/wp\/v2\/pages\/1134\/revisions"}],"predecessor-version":[{"id":4696,"href":"https:\/\/aquinas-american-school.es\/en\/wp-json\/wp\/v2\/pages\/1134\/revisions\/4696"}],"up":[{"embeddable":true,"href":"https:\/\/aquinas-american-school.es\/en\/wp-json\/wp\/v2\/pages\/1127"}],"wp:attachment":[{"href":"https:\/\/aquinas-american-school.es\/en\/wp-json\/wp\/v2\/media?parent=1134"}],"curies":[{"name":"wp","href":"https:\/\/api.w.org\/{rel}","templated":true}]}}