{"id":1098,"date":"2022-05-30T07:50:33","date_gmt":"2022-05-30T07:50:33","guid":{"rendered":"https:\/\/redplanetmarketing.net\/aquinas\/?page_id=1098"},"modified":"2025-10-30T11:38:04","modified_gmt":"2025-10-30T11:38:04","slug":"arts-music","status":"publish","type":"page","link":"https:\/\/aquinas-american-school.es\/en\/academics\/arts-music\/","title":{"rendered":"Arts and Music Program at American School of Madrid"},"content":{"rendered":"<p>[et_pb_section fb_built=&#8221;1&#8243; _builder_version=&#8221;4.17.3&#8243; _module_preset=&#8221;default&#8221; custom_padding=&#8221;||2em||false|false&#8221; global_colors_info=&#8221;{}&#8221;][et_pb_row _builder_version=&#8221;4.17.3&#8243; _module_preset=&#8221;default&#8221; custom_padding=&#8221;||||false|false&#8221; locked=&#8221;off&#8221; global_colors_info=&#8221;{}&#8221;][et_pb_column type=&#8221;4_4&#8243; saved_specialty_column_type=&#8221;1_2&#8243; _builder_version=&#8221;4.17.3&#8243; _module_preset=&#8221;default&#8221; global_colors_info=&#8221;{}&#8221;][et_pb_text _builder_version=&#8221;4.17.3&#8243; _module_preset=&#8221;default&#8221; text_font=&#8221;FUTURA PT BOOK|300|||||||&#8221; text_text_color=&#8221;#6f6f6f&#8221; text_orientation=&#8221;center&#8221; custom_margin=&#8221;||0px||false|false&#8221; global_colors_info=&#8221;{}&#8221;]<span style=\"color: #040332;\">ACADEMICS<\/span>[\/et_pb_text][et_pb_text _builder_version=&#8221;4.27.4&#8243; _module_preset=&#8221;8293def9-60fd-49f5-bc4c-c3e6b201c24f&#8221; text_text_color=&#8221;gcid-ac0368fe-477a-4608-971d-d118ee0153f4&#8243; header_font=&#8221;FUTURA BT BOOK|700|||||||&#8221; header_text_color=&#8221;gcid-b100d0f9-40d8-4cc8-bf0b-a9f65780d77c&#8221; header_line_height=&#8221;1.4em&#8221; hover_enabled=&#8221;0&#8243; global_colors_info=&#8221;{%22gcid-b100d0f9-40d8-4cc8-bf0b-a9f65780d77c%22:%91%22header_2_text_color%22,%22header_2_text_color%22,%22header_2_text_color%22,%22header_text_color%22%93,%22gcid-ac0368fe-477a-4608-971d-d118ee0153f4%22:%91%22text_text_color%22%93}&#8221; sticky_enabled=&#8221;0&#8243;]<\/p>\n<h1 style=\"text-align: center;\">Arts and Music Program in Madrid<\/h1>\n<p>[\/et_pb_text][et_pb_text _builder_version=&#8221;4.27.4&#8243; _module_preset=&#8221;default&#8221; text_font=&#8221;&#8211;et_global_body_font||||||||&#8221; text_font_size_tablet=&#8221;&#8221; text_font_size_phone=&#8221;15px&#8221; text_font_size_last_edited=&#8221;on|phone&#8221; locked=&#8221;off&#8221; global_colors_info=&#8221;{}&#8221;]<\/p>\n<nav aria-label=\"breadcrumbs\" class=\"rank-math-breadcrumb\"><p><span class=\"last\">American School in Madrid<\/span><\/p><\/nav>\n<p>[\/et_pb_text][et_pb_text _builder_version=&#8221;4.17.3&#8243; _module_preset=&#8221;default&#8221; global_colors_info=&#8221;{}&#8221;]<\/p>\n<p><span>A well-rounded liberal arts education is incomplete without fostering an appreciation for the fine arts and music.<\/span><\/p>\n<p>At Aquinas American School, we encourage our students to dedicate the time and effort these disciplines truly deserve. Enriching activities such as theater, music, and painting are fully integrated into the school day. Our educational community wants to encourage and develop the skills, talent and creativity that children naturally have in these disciplines.<\/p>\n<p>[\/et_pb_text][\/et_pb_column][\/et_pb_row][\/et_pb_section][et_pb_section fb_built=&#8221;1&#8243; _builder_version=&#8221;4.17.3&#8243; _module_preset=&#8221;default&#8221; custom_margin=&#8221;0px||0px||false|false&#8221; custom_padding=&#8221;0px||0px||false|false&#8221; locked=&#8221;off&#8221; global_colors_info=&#8221;{}&#8221;][et_pb_row column_structure=&#8221;1_3,1_3,1_3&#8243; use_custom_gutter=&#8221;on&#8221; gutter_width=&#8221;2&#8243; make_equal=&#8221;on&#8221; _builder_version=&#8221;4.17.3&#8243; _module_preset=&#8221;default&#8221; background_color=&#8221;gcid-b100d0f9-40d8-4cc8-bf0b-a9f65780d77c&#8221; width=&#8221;100%&#8221; max_width=&#8221;2560px&#8221; custom_padding=&#8221;4em|0%|4em|20%|true|false&#8221; global_colors_info=&#8221;{%22gcid-b100d0f9-40d8-4cc8-bf0b-a9f65780d77c%22:%91%22background_color%22%93}&#8221;][et_pb_column type=&#8221;1_3&#8243; _builder_version=&#8221;4.17.3&#8243; _module_preset=&#8221;default&#8221; background_color=&#8221;#FFFFFF&#8221; custom_padding=&#8221;32px|32px|16px|32px|false|false&#8221; custom_css_main_element=&#8221;width:22.6% !important;&#8221; border_width_bottom=&#8221;8px&#8221; border_color_bottom=&#8221;#040332&#8243; global_colors_info=&#8221;{}&#8221; custom_css_main_element_last_edited=&#8221;on|phone&#8221; custom_css_main_element_tablet=&#8221;width:80% !important;&#8221; custom_css_main_element_phone=&#8221;width:80% !important;&#8221;][et_pb_icon font_icon=&#8221;&#xf001;||fa||900&#8243; icon_color=&#8221;gcid-b100d0f9-40d8-4cc8-bf0b-a9f65780d77c&#8221; icon_width=&#8221;60px&#8221; _builder_version=&#8221;4.17.3&#8243; _module_preset=&#8221;default&#8221; global_colors_info=&#8221;{%22gcid-b100d0f9-40d8-4cc8-bf0b-a9f65780d77c%22:%91%22icon_color%22%93}&#8221;][\/et_pb_icon][et_pb_text _builder_version=&#8221;4.17.3&#8243; _module_preset=&#8221;default&#8221; global_colors_info=&#8221;{}&#8221;]<\/p>\n<p style=\"text-align: center;\"><span>Yo can check out our Music Program developed by professional singer and composer, Ms. Natali Castillo:<br \/><\/span><strong><a href=\"https:\/\/sites.google.com\/view\/aasmusicdepartment\" target=\"_blank\" rel=\"noopener\">AAS Music Department Program<\/a><\/strong><\/p>\n<p>[\/et_pb_text][\/et_pb_column][et_pb_column type=&#8221;1_3&#8243; _builder_version=&#8221;4.17.3&#8243; _module_preset=&#8221;default&#8221; background_color=&#8221;#FFFFFF&#8221; custom_padding=&#8221;32px|32px|16px|32px|false|false&#8221; custom_padding_tablet=&#8221;||32px||false|false&#8221; custom_padding_phone=&#8221;||32px||false|false&#8221; custom_padding_last_edited=&#8221;on|tablet&#8221; custom_css_main_element=&#8221;width:22.6% !important;&#8221; border_width_bottom=&#8221;8px&#8221; border_color_bottom=&#8221;#040332&#8243; global_colors_info=&#8221;{}&#8221; custom_css_main_element_last_edited=&#8221;on|phone&#8221; custom_css_main_element_tablet=&#8221;width:80% !important;&#8221; custom_css_main_element_phone=&#8221;width:80% !important;&#8221;][et_pb_icon font_icon=&#8221;&#xf53f;||fa||900&#8243; icon_color=&#8221;gcid-b100d0f9-40d8-4cc8-bf0b-a9f65780d77c&#8221; icon_width=&#8221;60px&#8221; _builder_version=&#8221;4.17.3&#8243; _module_preset=&#8221;default&#8221; global_colors_info=&#8221;{%22gcid-b100d0f9-40d8-4cc8-bf0b-a9f65780d77c%22:%91%22icon_color%22%93}&#8221;][\/et_pb_icon][et_pb_text _builder_version=&#8221;4.17.3&#8243; _module_preset=&#8221;default&#8221; locked=&#8221;off&#8221; global_colors_info=&#8221;{}&#8221;]<\/p>\n<p style=\"text-align: center;\"><span>As well as our Art teacher and multidisciplinary artist, Mrs. Omapas\u2019 school website here:<br \/><\/span><strong><a href=\"http:\/\/judyo.edublogs.org\/\" target=\"_blank\" rel=\"noopener\">Artists\u2019 Corner \u2013 a classroom community of young artists!<\/a><\/strong><\/p>\n<p>[\/et_pb_text][\/et_pb_column][et_pb_column type=&#8221;1_3&#8243; _builder_version=&#8221;4.17.3&#8243; _module_preset=&#8221;default&#8221; background_color=&#8221;#FFFFFF&#8221; custom_padding=&#8221;32px|32px|16px|32px|false|false&#8221; custom_padding_tablet=&#8221;||32px||false|false&#8221; custom_padding_phone=&#8221;||32px||false|false&#8221; custom_padding_last_edited=&#8221;on|tablet&#8221; custom_css_main_element=&#8221;width:22.6% !important;&#8221; border_width_bottom=&#8221;8px&#8221; border_color_bottom=&#8221;#040332&#8243; global_colors_info=&#8221;{}&#8221; custom_css_main_element_last_edited=&#8221;on|phone&#8221; custom_css_main_element_tablet=&#8221;width:80% !important;&#8221; custom_css_main_element_phone=&#8221;width:80% !important;&#8221;][et_pb_icon font_icon=&#8221;&#xe006;||divi||400&#8243; icon_color=&#8221;gcid-b100d0f9-40d8-4cc8-bf0b-a9f65780d77c&#8221; icon_width=&#8221;60px&#8221; _builder_version=&#8221;4.17.3&#8243; _module_preset=&#8221;default&#8221; global_colors_info=&#8221;{%22gcid-b100d0f9-40d8-4cc8-bf0b-a9f65780d77c%22:%91%22icon_color%22%93}&#8221;][\/et_pb_icon][et_pb_text _builder_version=&#8221;4.17.3&#8243; _module_preset=&#8221;default&#8221; locked=&#8221;off&#8221; global_colors_info=&#8221;{}&#8221;]<\/p>\n<p style=\"text-align: center;\"><span>The Virtual Art Gallery was developed by IB students for their CAS project, in which they gathered different designs, formats and pieces.<br \/><\/span><strong><\/strong><\/p>\n<p>[\/et_pb_text][\/et_pb_column][\/et_pb_row][\/et_pb_section][et_pb_section fb_built=&#8221;1&#8243; _builder_version=&#8221;4.17.3&#8243; _module_preset=&#8221;default&#8221; background_color=&#8221;#f6f6f6&#8243; global_colors_info=&#8221;{}&#8221;][et_pb_row column_structure=&#8221;1_3,1_3,1_3&#8243; use_custom_gutter=&#8221;on&#8221; gutter_width=&#8221;2&#8243; _builder_version=&#8221;4.17.3&#8243; _module_preset=&#8221;default&#8221; global_colors_info=&#8221;{}&#8221;][et_pb_column type=&#8221;1_3&#8243; _builder_version=&#8221;4.17.3&#8243; _module_preset=&#8221;default&#8221; global_colors_info=&#8221;{}&#8221;][et_pb_image src=&#8221;https:\/\/aquinas-american-school.es\/wp-content\/uploads\/2022\/05\/03-musica-arte.jpg&#8221; title_text=&#8221;03-musica-arte&#8221; _builder_version=&#8221;4.17.3&#8243; _module_preset=&#8221;default&#8221; global_colors_info=&#8221;{}&#8221;][\/et_pb_image][\/et_pb_column][et_pb_column type=&#8221;1_3&#8243; _builder_version=&#8221;4.17.3&#8243; _module_preset=&#8221;default&#8221; global_colors_info=&#8221;{}&#8221;][et_pb_image src=&#8221;https:\/\/aquinas-american-school.es\/wp-content\/uploads\/2022\/05\/02-musica-arte.jpg&#8221; title_text=&#8221;02-musica-arte&#8221; _builder_version=&#8221;4.17.3&#8243; _module_preset=&#8221;default&#8221; global_colors_info=&#8221;{}&#8221;][\/et_pb_image][\/et_pb_column][et_pb_column type=&#8221;1_3&#8243; _builder_version=&#8221;4.17.3&#8243; _module_preset=&#8221;default&#8221; global_colors_info=&#8221;{}&#8221;][et_pb_image src=&#8221;https:\/\/aquinas-american-school.es\/wp-content\/uploads\/2022\/05\/01-musica-arte.jpg&#8221; title_text=&#8221;01-musica-arte&#8221; _builder_version=&#8221;4.17.3&#8243; _module_preset=&#8221;default&#8221; global_colors_info=&#8221;{}&#8221;][\/et_pb_image][\/et_pb_column][\/et_pb_row][\/et_pb_section]<\/p>\n","protected":false},"excerpt":{"rendered":"<p>ACADEMICSArts and Music Program in Madrid<nav aria-label=\"breadcrumbs\" class=\"rank-math-breadcrumb\"><p><span class=\"last\">American School in Madrid<\/span><\/p><\/nav>A well-rounded liberal arts education is incomplete without fostering an appreciation for the fine arts and music. At Aquinas American School, we encourage our students to dedicate the time and effort these disciplines truly deserve. Enriching activities such as theater, music, and painting are fully integrated into the school day. [&hellip;]<\/p>\n","protected":false},"author":5,"featured_media":0,"parent":1231,"menu_order":0,"comment_status":"closed","ping_status":"closed","template":"","meta":{"_et_pb_use_builder":"on","_et_pb_old_content":"<!-- wp:divi\/placeholder -->\r\n[et_pb_section fb_built=\"1\" _builder_version=\"4.17.3\" _module_preset=\"default\" hover_enabled=\"0\" global_colors_info=\"{}\" theme_builder_area=\"post_content\" custom_padding=\"||2em||false|false\" sticky_enabled=\"0\"][et_pb_row _builder_version=\"4.17.3\" _module_preset=\"default\" custom_padding=\"||||false|false\" locked=\"off\" global_colors_info=\"{}\" theme_builder_area=\"post_content\"][et_pb_column type=\"4_4\" saved_specialty_column_type=\"1_2\" _builder_version=\"4.17.3\" _module_preset=\"default\" global_colors_info=\"{}\" theme_builder_area=\"post_content\"][et_pb_text _builder_version=\"4.17.3\" _module_preset=\"default\" text_font=\"FUTURA PT BOOK|300|||||||\" text_text_color=\"#6f6f6f\" text_orientation=\"center\" custom_margin=\"||0px||false|false\" global_colors_info=\"{}\" theme_builder_area=\"post_content\"]<p><span style=\"color: #040332;\">ESTUDIOS<\/span><\/p>[\/et_pb_text][et_pb_text _builder_version=\"4.17.3\" _module_preset=\"8293def9-60fd-49f5-bc4c-c3e6b201c24f\" text_text_color=\"gcid-ac0368fe-477a-4608-971d-d118ee0153f4\" header_font=\"FUTURA BT BOOK|700|||||||\" header_text_color=\"gcid-b100d0f9-40d8-4cc8-bf0b-a9f65780d77c\" header_line_height=\"1.4em\" header_2_text_color=\"gcid-b100d0f9-40d8-4cc8-bf0b-a9f65780d77c\" hover_enabled=\"0\" global_colors_info=\"{%22gcid-b100d0f9-40d8-4cc8-bf0b-a9f65780d77c%22:%91%22header_2_text_color%22,%22header_2_text_color%22,%22header_2_text_color%22,%22header_text_color%22%93,%22gcid-ac0368fe-477a-4608-971d-d118ee0153f4%22:%91%22text_text_color%22%93}\" theme_builder_area=\"post_content\" sticky_enabled=\"0\"]<h1 style=\"text-align: center;\"><span>M\u00fasica & Arte<\/span><\/h1>[\/et_pb_text][et_pb_text _builder_version=\"4.17.3\" _module_preset=\"default\" hover_enabled=\"0\" global_colors_info=\"{}\" theme_builder_area=\"post_content\" sticky_enabled=\"0\"]<p>No hay verdadera formaci\u00f3n sin formaci\u00f3n human\u00edstica y sin desarrollo de la sensibilidad de la persona.<\/p>\r\n<p>En Aquinas School queremos que nuestros estudiantes dispongan de tiempo para estas disciplinas como se merecen. Actividades como la m\u00fasica, teatro, coro o pintura est\u00e1n plenamente integradas en el horario del colegio. Nuestra comunidad educativa quiere atender y desarrollar las capacidades, talento y creatividad que nuestros alumnos tienen en estas disciplinas.<\/p>[\/et_pb_text][\/et_pb_column][\/et_pb_row][\/et_pb_section][et_pb_section fb_built=\"1\" _builder_version=\"4.17.3\" _module_preset=\"default\" custom_margin=\"0px||0px||false|false\" custom_padding=\"0px||0px||false|false\" hover_enabled=\"0\" global_colors_info=\"{}\" locked=\"off\" theme_builder_area=\"post_content\" sticky_enabled=\"0\"][et_pb_row column_structure=\"1_3,1_3,1_3\" use_custom_gutter=\"on\" gutter_width=\"2\" make_equal=\"on\" _builder_version=\"4.17.3\" _module_preset=\"default\" background_color=\"gcid-b100d0f9-40d8-4cc8-bf0b-a9f65780d77c\" width=\"100%\" max_width=\"2560px\" custom_padding=\"4em|0%|4em|20%|true|false\" hover_enabled=\"0\" global_colors_info=\"{%22gcid-b100d0f9-40d8-4cc8-bf0b-a9f65780d77c%22:%91%22background_color%22%93}\" theme_builder_area=\"post_content\" sticky_enabled=\"0\"][et_pb_column type=\"1_3\" _builder_version=\"4.17.3\" _module_preset=\"default\" background_color=\"#FFFFFF\" custom_padding=\"32px|32px|16px|32px|false|false\" custom_css_main_element=\"width:22.6% !important;\" border_width_bottom=\"8px\" border_color_bottom=\"#040332\" global_colors_info=\"{}\" custom_css_main_element_last_edited=\"on|phone\" custom_css_main_element_tablet=\"width:80% !important;\" custom_css_main_element_phone=\"width:80% !important;\" theme_builder_area=\"post_content\"][et_pb_icon font_icon=\"?||fa||900\" icon_color=\"gcid-b100d0f9-40d8-4cc8-bf0b-a9f65780d77c\" icon_width=\"60px\" _builder_version=\"4.17.3\" _module_preset=\"default\" hover_enabled=\"0\" global_colors_info=\"{%22gcid-b100d0f9-40d8-4cc8-bf0b-a9f65780d77c%22:%91%22icon_color%22%93}\" theme_builder_area=\"post_content\" sticky_enabled=\"0\"][\/et_pb_icon][et_pb_text _builder_version=\"4.17.3\" _module_preset=\"default\" hover_enabled=\"0\" global_colors_info=\"{}\" theme_builder_area=\"post_content\" sticky_enabled=\"0\"]<p style=\"text-align: center;\">Aqu\u00ed pueden ver nuestro programa de m\u00fasica desarrollado por la cantante y compositora profesional, Ms. Natali Castillo:<br \/><strong><a href=\"https:\/\/sites.google.com\/view\/aasmusicdepartment\" target=\"_blank\" rel=\"noopener\">AAS Music Department Program<\/a><\/strong><\/p>[\/et_pb_text][\/et_pb_column][et_pb_column type=\"1_3\" _builder_version=\"4.17.3\" _module_preset=\"default\" background_color=\"#FFFFFF\" custom_padding=\"32px|32px|16px|32px|false|false\" custom_padding_tablet=\"||32px||false|false\" custom_padding_phone=\"||32px||false|false\" custom_padding_last_edited=\"on|tablet\" hover_enabled=\"0\" custom_css_main_element=\"width:22.6% !important;\" border_width_bottom=\"8px\" border_color_bottom=\"#040332\" global_colors_info=\"{}\" custom_css_main_element_last_edited=\"on|phone\" custom_css_main_element_tablet=\"width:80% !important;\" custom_css_main_element_phone=\"width:80% !important;\" theme_builder_area=\"post_content\" sticky_enabled=\"0\"][et_pb_icon font_icon=\"?||fa||900\" icon_color=\"gcid-b100d0f9-40d8-4cc8-bf0b-a9f65780d77c\" icon_width=\"60px\" _builder_version=\"4.17.3\" _module_preset=\"default\" hover_enabled=\"0\" global_colors_info=\"{%22gcid-b100d0f9-40d8-4cc8-bf0b-a9f65780d77c%22:%91%22icon_color%22%93}\" theme_builder_area=\"post_content\" sticky_enabled=\"0\"][\/et_pb_icon][et_pb_text _builder_version=\"4.17.3\" _module_preset=\"default\" hover_enabled=\"0\" global_colors_info=\"{}\" theme_builder_area=\"post_content\" sticky_enabled=\"0\" locked=\"off\"]<p style=\"text-align: center;\">As\u00ed como el blog de nuestra profesora de arte y artista multidisciplinar, Mrs. Omapas:<br \/><strong><a href=\"http:\/\/judyo.edublogs.org\/\" target=\"_blank\" rel=\"noopener noreferrer\">\u00a0Artists\u2019 Corner A classroom community of young artists!<\/a><\/strong><\/p>[\/et_pb_text][\/et_pb_column][et_pb_column type=\"1_3\" _builder_version=\"4.17.3\" _module_preset=\"default\" background_color=\"#FFFFFF\" custom_padding=\"32px|32px|16px|32px|false|false\" custom_padding_tablet=\"||32px||false|false\" custom_padding_phone=\"||32px||false|false\" custom_padding_last_edited=\"on|tablet\" hover_enabled=\"0\" custom_css_main_element=\"width:22.6% !important;\" border_width_bottom=\"8px\" border_color_bottom=\"#040332\" global_colors_info=\"{}\" custom_css_main_element_last_edited=\"on|phone\" custom_css_main_element_tablet=\"width:80% !important;\" custom_css_main_element_phone=\"width:80% !important;\" theme_builder_area=\"post_content\" sticky_enabled=\"0\"][et_pb_icon font_icon=\"?||divi||400\" icon_color=\"gcid-b100d0f9-40d8-4cc8-bf0b-a9f65780d77c\" icon_width=\"60px\" _builder_version=\"4.17.3\" _module_preset=\"default\" hover_enabled=\"0\" global_colors_info=\"{%22gcid-b100d0f9-40d8-4cc8-bf0b-a9f65780d77c%22:%91%22icon_color%22%93}\" theme_builder_area=\"post_content\" sticky_enabled=\"0\"][\/et_pb_icon][et_pb_text _builder_version=\"4.17.3\" _module_preset=\"default\" hover_enabled=\"0\" global_colors_info=\"{}\" theme_builder_area=\"post_content\" sticky_enabled=\"0\" locked=\"off\"]<p style=\"text-align: center;\">Y la galer\u00eda\u00a0<span>de arte virtual desarrollada por nuestros alumnos IB para su proyecto de CAS en la que exponen todo tipo de obras<br \/><\/span><strong><\/strong><\/p>[\/et_pb_text][\/et_pb_column][\/et_pb_row][\/et_pb_section][et_pb_section fb_built=\"1\" _builder_version=\"4.17.3\" _module_preset=\"default\" background_color=\"#f6f6f6\" global_colors_info=\"{}\" theme_builder_area=\"post_content\"][et_pb_row column_structure=\"1_3,1_3,1_3\" use_custom_gutter=\"on\" gutter_width=\"2\" _builder_version=\"4.17.3\" _module_preset=\"default\" global_colors_info=\"{}\" theme_builder_area=\"post_content\"][et_pb_column type=\"1_3\" _builder_version=\"4.17.3\" _module_preset=\"default\" global_colors_info=\"{}\" theme_builder_area=\"post_content\"][et_pb_image src=\"https:\/\/aquinas-american-school.es\/wp-content\/uploads\/2022\/05\/03-musica-arte.jpg\" title_text=\"03-musica-arte\" _builder_version=\"4.17.3\" _module_preset=\"default\" hover_enabled=\"0\" global_colors_info=\"{}\" theme_builder_area=\"post_content\" sticky_enabled=\"0\"][\/et_pb_image][\/et_pb_column][et_pb_column type=\"1_3\" _builder_version=\"4.17.3\" _module_preset=\"default\" global_colors_info=\"{}\" theme_builder_area=\"post_content\"][et_pb_image src=\"https:\/\/aquinas-american-school.es\/wp-content\/uploads\/2022\/05\/02-musica-arte.jpg\" title_text=\"02-musica-arte\" _builder_version=\"4.17.3\" _module_preset=\"default\" hover_enabled=\"0\" global_colors_info=\"{}\" theme_builder_area=\"post_content\" sticky_enabled=\"0\"][\/et_pb_image][\/et_pb_column][et_pb_column type=\"1_3\" _builder_version=\"4.17.3\" _module_preset=\"default\" global_colors_info=\"{}\" theme_builder_area=\"post_content\"][et_pb_image src=\"https:\/\/aquinas-american-school.es\/wp-content\/uploads\/2022\/05\/01-musica-arte.jpg\" title_text=\"01-musica-arte\" _builder_version=\"4.17.3\" _module_preset=\"default\" hover_enabled=\"0\" global_colors_info=\"{}\" theme_builder_area=\"post_content\" sticky_enabled=\"0\"][\/et_pb_image][\/et_pb_column][\/et_pb_row][\/et_pb_section]\r\n<!-- \/wp:divi\/placeholder -->","_et_gb_content_width":"","footnotes":""},"class_list":["post-1098","page","type-page","status-publish","hentry"],"_links":{"self":[{"href":"https:\/\/aquinas-american-school.es\/en\/wp-json\/wp\/v2\/pages\/1098","targetHints":{"allow":["GET"]}}],"collection":[{"href":"https:\/\/aquinas-american-school.es\/en\/wp-json\/wp\/v2\/pages"}],"about":[{"href":"https:\/\/aquinas-american-school.es\/en\/wp-json\/wp\/v2\/types\/page"}],"author":[{"embeddable":true,"href":"https:\/\/aquinas-american-school.es\/en\/wp-json\/wp\/v2\/users\/5"}],"replies":[{"embeddable":true,"href":"https:\/\/aquinas-american-school.es\/en\/wp-json\/wp\/v2\/comments?post=1098"}],"version-history":[{"count":5,"href":"https:\/\/aquinas-american-school.es\/en\/wp-json\/wp\/v2\/pages\/1098\/revisions"}],"predecessor-version":[{"id":4756,"href":"https:\/\/aquinas-american-school.es\/en\/wp-json\/wp\/v2\/pages\/1098\/revisions\/4756"}],"up":[{"embeddable":true,"href":"https:\/\/aquinas-american-school.es\/en\/wp-json\/wp\/v2\/pages\/1231"}],"wp:attachment":[{"href":"https:\/\/aquinas-american-school.es\/en\/wp-json\/wp\/v2\/media?parent=1098"}],"curies":[{"name":"wp","href":"https:\/\/api.w.org\/{rel}","templated":true}]}}