{"id":1092,"date":"2022-05-30T07:21:35","date_gmt":"2022-05-30T07:21:35","guid":{"rendered":"https:\/\/redplanetmarketing.net\/aquinas\/?page_id=1092"},"modified":"2025-10-30T12:39:27","modified_gmt":"2025-10-30T12:39:27","slug":"student-support-services","status":"publish","type":"page","link":"https:\/\/aquinas-american-school.es\/en\/academics\/student-support-services\/","title":{"rendered":"Student Support and Academic Services"},"content":{"rendered":"<p>[et_pb_section fb_built=&#8221;1&#8243; _builder_version=&#8221;4.17.3&#8243; _module_preset=&#8221;default&#8221; custom_padding=&#8221;||6em||false|false&#8221; global_colors_info=&#8221;{}&#8221;][et_pb_row _builder_version=&#8221;4.17.3&#8243; _module_preset=&#8221;default&#8221; custom_margin=&#8221;||0px||false|false&#8221; custom_padding=&#8221;||0px||false|false&#8221; locked=&#8221;off&#8221; global_colors_info=&#8221;{}&#8221;][et_pb_column type=&#8221;4_4&#8243; saved_specialty_column_type=&#8221;1_2&#8243; _builder_version=&#8221;4.17.3&#8243; _module_preset=&#8221;default&#8221; global_colors_info=&#8221;{}&#8221;][et_pb_text _builder_version=&#8221;4.17.3&#8243; _module_preset=&#8221;default&#8221; text_font=&#8221;FUTURA PT BOOK|300|||||||&#8221; text_text_color=&#8221;#6f6f6f&#8221; text_orientation=&#8221;center&#8221; custom_margin=&#8221;||0px||false|false&#8221; global_colors_info=&#8221;{}&#8221;]<span style=\"color: #040332;\">ACADEMICS<\/span>[\/et_pb_text][et_pb_text _builder_version=&#8221;4.27.4&#8243; _module_preset=&#8221;8293def9-60fd-49f5-bc4c-c3e6b201c24f&#8221; header_font=&#8221;FUTURA BT BOOK|700|||||||&#8221; header_text_color=&#8221;gcid-b100d0f9-40d8-4cc8-bf0b-a9f65780d77c&#8221; header_line_height=&#8221;1.4em&#8221; hover_enabled=&#8221;0&#8243; global_colors_info=&#8221;{%22gcid-b100d0f9-40d8-4cc8-bf0b-a9f65780d77c%22:%91%22header_2_text_color%22,%22header_2_text_color%22,%22header_text_color%22%93}&#8221; sticky_enabled=&#8221;0&#8243;]<\/p>\n<h1 style=\"text-align: center;\">Student Support and Academic Services<\/h1>\n<p>[\/et_pb_text][et_pb_text _builder_version=&#8221;4.27.4&#8243; _module_preset=&#8221;default&#8221; text_font=&#8221;&#8211;et_global_body_font||||||||&#8221; text_font_size_tablet=&#8221;&#8221; text_font_size_phone=&#8221;15px&#8221; text_font_size_last_edited=&#8221;on|phone&#8221; locked=&#8221;off&#8221; global_colors_info=&#8221;{}&#8221;]<\/p>\n<nav aria-label=\"breadcrumbs\" class=\"rank-math-breadcrumb\"><p><span class=\"last\">American School in Madrid<\/span><\/p><\/nav>\n<p>[\/et_pb_text][\/et_pb_column][\/et_pb_row][et_pb_row column_structure=&#8221;1_3,2_3&#8243; use_custom_gutter=&#8221;on&#8221; make_equal=&#8221;on&#8221; _builder_version=&#8221;4.20.4&#8243; _module_preset=&#8221;default&#8221; custom_padding=&#8221;||||false|false&#8221; custom_css_main_element=&#8221;align-items: center;&#8221; locked=&#8221;off&#8221; global_colors_info=&#8221;{}&#8221;][et_pb_column type=&#8221;1_3&#8243; _builder_version=&#8221;4.17.3&#8243; _module_preset=&#8221;default&#8221; custom_css_main_element=&#8221;align-items: center;&#8221; global_colors_info=&#8221;{}&#8221;][et_pb_image src=&#8221;https:\/\/aquinas-american-school.es\/wp-content\/uploads\/2022\/07\/Support-aas.jpg&#8221; title_text=&#8221;Support-aas&#8221; _builder_version=&#8221;4.20.4&#8243; _module_preset=&#8221;default&#8221; custom_padding=&#8221;|5px||0px||&#8221; global_colors_info=&#8221;{}&#8221;][\/et_pb_image][\/et_pb_column][et_pb_column type=&#8221;2_3&#8243; _builder_version=&#8221;4.17.3&#8243; _module_preset=&#8221;default&#8221; custom_css_main_element=&#8221;align-items: center;&#8221; global_colors_info=&#8221;{}&#8221;][et_pb_text _builder_version=&#8221;4.20.4&#8243; _module_preset=&#8221;default&#8221; global_colors_info=&#8221;{}&#8221;]<\/p>\n<p data-start=\"50\" data-end=\"505\" class=\"\">The Student Support Services (SSS) department offers a wide range of services designed to assist teachers, students, and their families with various circumstances that may impact student learning. These services include prevention, intervention, transition, and follow-up actions for students with learning and\/or emotional needs and play a crucial role in the overall success of our educational program, with a significant impact on our school community.<\/p>\n<p data-start=\"507\" data-end=\"820\" class=\"\">The main goal of the SSS team is to support and guide our students in overcoming learning barriers or emotional challenges so they can reach their full personal and educational potential. This is achieved through a set of strategies and specialized support provided on an individual, group, and school-wide basis.<\/p>\n<p data-start=\"822\" data-end=\"1102\" class=\"\">We have a team of highly qualified professionals on both our PreK-8 and High School campuses who offer personalized attention to our students. This team collaborates with teachers, external agencies, and families to ensure the success of our students in their educational journey.<\/p>\n<p><a href=\"mailto:studentsupportservices@aquinasmadrid.es\"><span style=\"font-weight: 400;\">studentsupportservices@aquinasmadrid.es<\/span><\/a><\/p>\n<p>[\/et_pb_text][\/et_pb_column][\/et_pb_row][\/et_pb_section]<\/p>\n","protected":false},"excerpt":{"rendered":"<p>ACADEMICSStudent Support and Academic Services<nav aria-label=\"breadcrumbs\" class=\"rank-math-breadcrumb\"><p><span class=\"last\">American School in Madrid<\/span><\/p><\/nav>The Student Support Services (SSS) department offers a wide range of services designed to assist teachers, students, and their families with various circumstances that may impact student learning. These services include prevention, intervention, transition, and follow-up actions for students with learning and\/or emotional needs and play a crucial role in the [&hellip;]<\/p>\n","protected":false},"author":5,"featured_media":0,"parent":1231,"menu_order":0,"comment_status":"closed","ping_status":"closed","template":"","meta":{"_et_pb_use_builder":"on","_et_pb_old_content":"[et_pb_section fb_built=\"1\" _builder_version=\"4.17.3\" _module_preset=\"default\" custom_padding=\"||6em||false|false\" global_colors_info=\"{}\"][et_pb_row _builder_version=\"4.17.3\" _module_preset=\"default\" custom_margin=\"||0px||false|false\" custom_padding=\"||0px||false|false\" locked=\"off\" global_colors_info=\"{}\"][et_pb_column type=\"4_4\" saved_specialty_column_type=\"1_2\" _builder_version=\"4.17.3\" _module_preset=\"default\" global_colors_info=\"{}\"][et_pb_text _builder_version=\"4.17.3\" _module_preset=\"default\" text_font=\"FUTURA PT BOOK|300|||||||\" text_text_color=\"#6f6f6f\" text_orientation=\"center\" custom_margin=\"||0px||false|false\" global_colors_info=\"{}\"]\r\n\r\n<span style=\"color: #040332;\">ESTUDIOS<\/span>\r\n\r\n[\/et_pb_text][et_pb_text _builder_version=\"4.17.3\" _module_preset=\"8293def9-60fd-49f5-bc4c-c3e6b201c24f\" header_font=\"FUTURA BT BOOK|700|||||||\" header_text_color=\"gcid-b100d0f9-40d8-4cc8-bf0b-a9f65780d77c\" header_line_height=\"1.4em\" header_2_text_color=\"gcid-b100d0f9-40d8-4cc8-bf0b-a9f65780d77c\" global_colors_info=\"{%22gcid-b100d0f9-40d8-4cc8-bf0b-a9f65780d77c%22:%91%22header_2_text_color%22,%22header_2_text_color%22,%22header_text_color%22%93}\"]\r\n<h1 style=\"text-align: center;\"><span>Student support services<\/span><\/h1>\r\n[\/et_pb_text][\/et_pb_column][\/et_pb_row][et_pb_row column_structure=\"2_5,3_5\" make_equal=\"on\" _builder_version=\"4.17.3\" _module_preset=\"default\" custom_padding=\"||||false|false\" hover_enabled=\"0\" locked=\"off\" global_colors_info=\"{}\" sticky_enabled=\"0\" use_custom_gutter=\"on\" custom_css_main_element=\"align-items: center;\"][et_pb_column type=\"2_5\" _builder_version=\"4.17.3\" _module_preset=\"default\" hover_enabled=\"0\" custom_css_main_element=\"align-items: center;\" global_colors_info=\"{}\" sticky_enabled=\"0\"][et_pb_image src=\"https:\/\/aquinas-american-school.es\/wp-content\/uploads\/2022\/07\/Support-aas.jpg\" title_text=\"Support-aas\" _builder_version=\"4.17.3\" _module_preset=\"default\" hover_enabled=\"0\" global_colors_info=\"{}\" sticky_enabled=\"0\"][\/et_pb_image][\/et_pb_column][et_pb_column type=\"3_5\" _builder_version=\"4.17.3\" _module_preset=\"default\" hover_enabled=\"0\" global_colors_info=\"{}\" custom_css_main_element=\"align-items: center;\" sticky_enabled=\"0\"][et_pb_text _builder_version=\"4.17.3\" _module_preset=\"default\" global_colors_info=\"{}\"]\r\n\r\nEl objetivo principal de este departamento es dar apoyo individualizado y hacer seguimiento a los estudiantes que se enfrentan a un amplio rango de dificultades (tanto acad\u00e9micas como personales) en Aquinas American School. Student Support Services ayuda a ni\u00f1os y j\u00f3venes a enfrentarse a las barreas de aprendizaje para alcanzar su potencial educacional y de desarrollo mediante una serie de estrategias como,\u00a0 la identificaci\u00f3n temprana, un sistema de referencia y apoyo espec\u00edfico a nivel individual, de grupo, colegio y en las diferentes etapas escolares.\r\n\r\nQueremos as\u00ed crear un departamento que pueda asistir y dar apoyo y recursos tanto a profesores como a padres y alumnos en Aquinas American School.\r\n\r\nStudent Support Services incluye servicios de prevenci\u00f3n, intervenci\u00f3n, transici\u00f3n y seguimiento para estudiantes y familias.\r\n\r\nPara m\u00e1s informaci\u00f3n, puede consultar el<span>\u00a0<\/span><strong><a href=\"https:\/\/sites.google.com\/aquinasmadrid.es\/sss\/\" target=\"_blank\" rel=\"noopener noreferrer\">Student Support Services Site.<\/a><\/strong>\r\n\r\n[\/et_pb_text][\/et_pb_column][\/et_pb_row][\/et_pb_section]","_et_gb_content_width":"","footnotes":""},"class_list":["post-1092","page","type-page","status-publish","hentry"],"_links":{"self":[{"href":"https:\/\/aquinas-american-school.es\/en\/wp-json\/wp\/v2\/pages\/1092","targetHints":{"allow":["GET"]}}],"collection":[{"href":"https:\/\/aquinas-american-school.es\/en\/wp-json\/wp\/v2\/pages"}],"about":[{"href":"https:\/\/aquinas-american-school.es\/en\/wp-json\/wp\/v2\/types\/page"}],"author":[{"embeddable":true,"href":"https:\/\/aquinas-american-school.es\/en\/wp-json\/wp\/v2\/users\/5"}],"replies":[{"embeddable":true,"href":"https:\/\/aquinas-american-school.es\/en\/wp-json\/wp\/v2\/comments?post=1092"}],"version-history":[{"count":4,"href":"https:\/\/aquinas-american-school.es\/en\/wp-json\/wp\/v2\/pages\/1092\/revisions"}],"predecessor-version":[{"id":4784,"href":"https:\/\/aquinas-american-school.es\/en\/wp-json\/wp\/v2\/pages\/1092\/revisions\/4784"}],"up":[{"embeddable":true,"href":"https:\/\/aquinas-american-school.es\/en\/wp-json\/wp\/v2\/pages\/1231"}],"wp:attachment":[{"href":"https:\/\/aquinas-american-school.es\/en\/wp-json\/wp\/v2\/media?parent=1092"}],"curies":[{"name":"wp","href":"https:\/\/api.w.org\/{rel}","templated":true}]}}