{"id":1071,"date":"2022-05-27T13:18:08","date_gmt":"2022-05-27T13:18:08","guid":{"rendered":"https:\/\/redplanetmarketing.net\/aquinas\/?page_id=1071"},"modified":"2025-10-30T12:25:33","modified_gmt":"2025-10-30T12:25:33","slug":"high-school","status":"publish","type":"page","link":"https:\/\/aquinas-american-school.es\/en\/academics\/high-school\/","title":{"rendered":"International High School Program in Madrid"},"content":{"rendered":"<p>[et_pb_section fb_built=&#8221;1&#8243; _builder_version=&#8221;4.17.3&#8243; _module_preset=&#8221;default&#8221; global_colors_info=&#8221;{}&#8221;][et_pb_row _builder_version=&#8221;4.17.3&#8243; _module_preset=&#8221;default&#8221; custom_padding=&#8221;||||false|false&#8221; locked=&#8221;off&#8221; global_colors_info=&#8221;{}&#8221;][et_pb_column type=&#8221;4_4&#8243; saved_specialty_column_type=&#8221;1_2&#8243; _builder_version=&#8221;4.17.3&#8243; _module_preset=&#8221;default&#8221; global_colors_info=&#8221;{}&#8221;][et_pb_text _builder_version=&#8221;4.20.4&#8243; _module_preset=&#8221;default&#8221; text_font=&#8221;FUTURA PT BOOK|300|||||||&#8221; text_text_color=&#8221;#6f6f6f&#8221; text_orientation=&#8221;center&#8221; custom_margin=&#8221;||0px||false|false&#8221; global_colors_info=&#8221;{}&#8221;]<\/p>\n<p><span style=\"color: #040332;\">STUDIES<\/span><\/p>\n<p>[\/et_pb_text][et_pb_text _builder_version=&#8221;4.27.4&#8243; _module_preset=&#8221;8293def9-60fd-49f5-bc4c-c3e6b201c24f&#8221; text_text_color=&#8221;gcid-ac0368fe-477a-4608-971d-d118ee0153f4&#8243; header_font=&#8221;FUTURA BT BOOK|700|||||||&#8221; header_text_color=&#8221;gcid-b100d0f9-40d8-4cc8-bf0b-a9f65780d77c&#8221; header_line_height=&#8221;1.4em&#8221; hover_enabled=&#8221;0&#8243; global_colors_info=&#8221;{%22gcid-b100d0f9-40d8-4cc8-bf0b-a9f65780d77c%22:%91%22header_2_text_color%22,%22header_2_text_color%22,%22header_2_text_color%22,%22header_text_color%22%93,%22gcid-ac0368fe-477a-4608-971d-d118ee0153f4%22:%91%22text_text_color%22%93}&#8221; sticky_enabled=&#8221;0&#8243;]<\/p>\n<h1 style=\"text-align: center;\">International High School Program in Madrid<\/h1>\n<p><strong>9th &#8211; 12th GRADE (3\u00ba DE LA ESO &#8211; 2\u00ba BACHILLERATO)<\/strong>[\/et_pb_text][et_pb_text _builder_version=&#8221;4.27.4&#8243; _module_preset=&#8221;default&#8221; text_font=&#8221;&#8211;et_global_body_font||||||||&#8221; text_font_size_tablet=&#8221;&#8221; text_font_size_phone=&#8221;15px&#8221; text_font_size_last_edited=&#8221;on|phone&#8221; global_colors_info=&#8221;{}&#8221;]<\/p>\n<nav aria-label=\"breadcrumbs\" class=\"rank-math-breadcrumb\"><p><span class=\"last\">American School in Madrid<\/span><\/p><\/nav>\n<p>[\/et_pb_text][et_pb_text _builder_version=&#8221;4.17.3&#8243; _module_preset=&#8221;default&#8221; global_colors_info=&#8221;{}&#8221;]<\/p>\n<p>Our prestigious high school program prepares students for highly selective college admissions and future careers in Spain and abroad with a choice of two diplomas: IB and AHSD. Rigorous college preparatory (SAT&#8217;s, UNED), honors courses, teach students to think creatively, collaboratively and critically. Furthermore, 100 hour of community service are required over the course of these last four academic years.<\/p>\n<p>Our College Counselor will guide them along their high school journey, helping them prepare their applications and meeting the deadlines for university access.<\/p>\n<p>[\/et_pb_text][\/et_pb_column][\/et_pb_row][et_pb_row column_structure=&#8221;1_2,1_2&#8243; _builder_version=&#8221;4.27.4&#8243; _module_preset=&#8221;default&#8221; locked=&#8221;off&#8221; global_colors_info=&#8221;{}&#8221;][et_pb_column type=&#8221;1_2&#8243; _builder_version=&#8221;4.17.3&#8243; _module_preset=&#8221;default&#8221; global_colors_info=&#8221;{}&#8221;][et_pb_button button_url=&#8221;https:\/\/aquinas-american-school.es\/en\/boarding-program\/&#8221; button_text=&#8221;BOARDING PROGRAM&#8221; button_alignment=&#8221;center&#8221; _builder_version=&#8221;4.20.4&#8243; _module_preset=&#8221;default&#8221; custom_button=&#8221;on&#8221; button_text_size=&#8221;16px&#8221; button_text_color=&#8221;#FFFFFF&#8221; button_bg_color=&#8221;#882424&#8243; button_font=&#8221;FUTURA BT BOOK||||||||&#8221; button_icon=&#8221;&#xe074;||divi||400&#8243; button_icon_color=&#8221;#FFFFFF&#8221; button_icon_placement=&#8221;left&#8221; button_on_hover=&#8221;off&#8221; background_layout=&#8221;dark&#8221; custom_padding=&#8221;5px||5px|0px|false|false&#8221; custom_css_main_element=&#8221;width: 100%;&#8221; locked=&#8221;off&#8221; global_colors_info=&#8221;{}&#8221;][\/et_pb_button][\/et_pb_column][et_pb_column type=&#8221;1_2&#8243; _builder_version=&#8221;4.17.3&#8243; _module_preset=&#8221;default&#8221; global_colors_info=&#8221;{}&#8221;][et_pb_button button_url=&#8221;https:\/\/aquinas-american-school.es\/wp-content\/uploads\/2025\/03\/HSP_AQUINAS-5.pdf&#8221; url_new_window=&#8221;on&#8221; button_text=&#8221;HIGH SCHOOL PROFILE&#8221; button_alignment=&#8221;center&#8221; _builder_version=&#8221;4.27.4&#8243; _module_preset=&#8221;default&#8221; custom_button=&#8221;on&#8221; button_text_size=&#8221;16px&#8221; button_text_color=&#8221;#FFFFFF&#8221; button_bg_color=&#8221;#882424&#8243; button_font=&#8221;FUTURA BT BOOK||||||||&#8221; button_icon=&#8221;&#xf19d;||fa||900&#8243; button_icon_color=&#8221;#FFFFFF&#8221; button_icon_placement=&#8221;left&#8221; button_on_hover=&#8221;off&#8221; background_layout=&#8221;dark&#8221; custom_css_main_element=&#8221;width: 100%;&#8221; locked=&#8221;off&#8221; global_colors_info=&#8221;{}&#8221;][\/et_pb_button][\/et_pb_column][\/et_pb_row][et_pb_row _builder_version=&#8221;4.27.4&#8243; _module_preset=&#8221;default&#8221; locked=&#8221;off&#8221; global_colors_info=&#8221;{}&#8221;][et_pb_column type=&#8221;4_4&#8243; _builder_version=&#8221;4.27.4&#8243; _module_preset=&#8221;default&#8221; global_colors_info=&#8221;{}&#8221;][et_pb_image src=&#8221;https:\/\/aquinas-american-school.es\/wp-content\/uploads\/2025\/10\/IB-Results-2025.jpg&#8221; title_text=&#8221;IB Results 2025&#8243; _builder_version=&#8221;4.27.4&#8243; _module_preset=&#8221;default&#8221; global_colors_info=&#8221;{}&#8221;][\/et_pb_image][\/et_pb_column][\/et_pb_row][\/et_pb_section][et_pb_section fb_built=&#8221;1&#8243; _builder_version=&#8221;4.17.3&#8243; _module_preset=&#8221;default&#8221; background_color=&#8221;#f6f6f6&#8243; global_colors_info=&#8221;{}&#8221;][et_pb_row column_structure=&#8221;1_3,1_3,1_3&#8243; use_custom_gutter=&#8221;on&#8221; gutter_width=&#8221;2&#8243; _builder_version=&#8221;4.17.3&#8243; _module_preset=&#8221;default&#8221; global_colors_info=&#8221;{}&#8221;][et_pb_column type=&#8221;1_3&#8243; _builder_version=&#8221;4.17.3&#8243; _module_preset=&#8221;default&#8221; global_colors_info=&#8221;{}&#8221;][et_pb_image src=&#8221;https:\/\/aquinas-american-school.es\/wp-content\/uploads\/2022\/05\/01-HS-Aquinas.jpg&#8221; title_text=&#8221;01-HS Aquinas&#8221; _builder_version=&#8221;4.17.3&#8243; _module_preset=&#8221;default&#8221; global_colors_info=&#8221;{}&#8221;][\/et_pb_image][\/et_pb_column][et_pb_column type=&#8221;1_3&#8243; _builder_version=&#8221;4.17.3&#8243; _module_preset=&#8221;default&#8221; global_colors_info=&#8221;{}&#8221;][et_pb_image src=&#8221;https:\/\/aquinas-american-school.es\/wp-content\/uploads\/2022\/05\/02-HS-Aquinas.jpg&#8221; title_text=&#8221;02-HS Aquinas&#8221; _builder_version=&#8221;4.17.3&#8243; _module_preset=&#8221;default&#8221; global_colors_info=&#8221;{}&#8221;][\/et_pb_image][\/et_pb_column][et_pb_column type=&#8221;1_3&#8243; _builder_version=&#8221;4.17.3&#8243; _module_preset=&#8221;default&#8221; global_colors_info=&#8221;{}&#8221;][et_pb_image src=&#8221;https:\/\/aquinas-american-school.es\/wp-content\/uploads\/2022\/05\/03-HS-Aquinas.jpg&#8221; title_text=&#8221;03-HS Aquinas&#8221; _builder_version=&#8221;4.17.3&#8243; _module_preset=&#8221;default&#8221; global_colors_info=&#8221;{}&#8221;][\/et_pb_image][\/et_pb_column][\/et_pb_row][\/et_pb_section]<\/p>\n","protected":false},"excerpt":{"rendered":"<p>STUDIESInternational High School Program in Madrid 9th &#8211; 12th GRADE (3\u00ba DE LA ESO &#8211; 2\u00ba BACHILLERATO)<nav aria-label=\"breadcrumbs\" class=\"rank-math-breadcrumb\"><p><span class=\"last\">American School in Madrid<\/span><\/p><\/nav>Our prestigious high school program prepares students for highly selective college admissions and future careers in Spain and abroad with a choice of two diplomas: IB and AHSD. Rigorous college preparatory (SAT&#8217;s, UNED), honors courses, teach students to think [&hellip;]<\/p>\n","protected":false},"author":5,"featured_media":0,"parent":1231,"menu_order":0,"comment_status":"closed","ping_status":"closed","template":"","meta":{"_et_pb_use_builder":"on","_et_pb_old_content":"[et_pb_section fb_built=\"1\" _builder_version=\"4.17.3\" _module_preset=\"default\" global_colors_info=\"{}\"][et_pb_row _builder_version=\"4.17.3\" _module_preset=\"default\" custom_padding=\"||||false|false\" locked=\"off\" global_colors_info=\"{}\"][et_pb_column type=\"4_4\" saved_specialty_column_type=\"1_2\" _builder_version=\"4.17.3\" _module_preset=\"default\" global_colors_info=\"{}\"][et_pb_text _builder_version=\"4.17.3\" _module_preset=\"default\" text_font=\"FUTURA PT BOOK|300|||||||\" text_text_color=\"#6f6f6f\" text_orientation=\"center\" custom_margin=\"||0px||false|false\" global_colors_info=\"{}\"]\r\n\r\n<span style=\"color: #040332;\">ESTUDIOS<\/span>\r\n\r\n[\/et_pb_text][et_pb_text _builder_version=\"4.17.3\" _module_preset=\"8293def9-60fd-49f5-bc4c-c3e6b201c24f\" text_text_color=\"gcid-ac0368fe-477a-4608-971d-d118ee0153f4\" header_font=\"FUTURA BT BOOK|700|||||||\" header_text_color=\"gcid-b100d0f9-40d8-4cc8-bf0b-a9f65780d77c\" header_line_height=\"1.4em\" header_2_text_color=\"gcid-b100d0f9-40d8-4cc8-bf0b-a9f65780d77c\" global_colors_info=\"{%22gcid-b100d0f9-40d8-4cc8-bf0b-a9f65780d77c%22:%91%22header_2_text_color%22,%22header_2_text_color%22,%22header_2_text_color%22,%22header_text_color%22%93,%22gcid-ac0368fe-477a-4608-971d-d118ee0153f4%22:%91%22text_text_color%22%93}\"]\r\n<h1 style=\"text-align: center;\"><span>High School<\/span><\/h1>\r\n<strong>9th - 12th GRADE (3\u00ba DE LA ESO - 2\u00ba BACHILLERATO)<\/strong>\r\n\r\n[\/et_pb_text][et_pb_text _builder_version=\"4.17.3\" _module_preset=\"default\" global_colors_info=\"{}\"]\r\n\r\n<span>Nuestro prestigioso programa de High School prepara a los estudiantes para la admisi\u00f3n universitaria altamente selectiva y para sus futuras carreras tanto en Espa\u00f1a, como en el extranjero pudiendo elegir entre dos diplomas (IB y AHSD). Los rigurosos cursos de preparaci\u00f3n universitaria (SATs, UNED), les ayudan a pensar de forma creativa, colaborativa y cr\u00edtica. Adem\u00e1s de ser curriculares 100 horas de voluntariado durante estos 4 a\u00f1os.<\/span>\r\n\r\n<span>Nuestra College Counselor les acompa\u00f1a durante todo el proceso de admisi\u00f3n universitaria y les ayuda a preparar sus expedientes y a cumplir con los plazos de los diferentes sistemas universitarios.<\/span>\r\n\r\n[\/et_pb_text][\/et_pb_column][\/et_pb_row][et_pb_row _builder_version=\"4.17.3\" _module_preset=\"default\" column_structure=\"1_2,1_2\"][et_pb_column _builder_version=\"4.17.3\" _module_preset=\"default\" type=\"1_2\"][et_pb_button button_url=\"https:\/\/aquinas-american-school.es\/landing\/aquinas-american-school-downtown-campus\/\" button_text=\"DOWNTOWN CAMPUS\" _builder_version=\"4.17.3\" _module_preset=\"default\" custom_button=\"on\" button_text_size=\"16px\" button_text_color=\"#FFFFFF\" button_bg_color=\"#882424\" button_border_width=\"2px\" button_letter_spacing=\"0px\" button_font=\"FUTURA BT BOOK||||||||\" button_icon=\"?||fa||900\" button_icon_color=\"#FFFFFF\" button_icon_placement=\"left\" button_on_hover=\"off\" background_layout=\"dark\" custom_padding=\"||||false|false\" custom_css_main_element=\"width: 100%;\" locked=\"off\" global_colors_info=\"{}\"][\/et_pb_button][\/et_pb_column][et_pb_column _builder_version=\"4.17.3\" _module_preset=\"default\" type=\"1_2\"][et_pb_button button_url=\"https:\/\/aquinas-american-school.es\/programa-de-internado\/\" button_text=\"RESIDENCIA DE AAS\" _builder_version=\"4.17.3\" _module_preset=\"default\" custom_button=\"on\" button_text_size=\"16px\" button_text_color=\"#FFFFFF\" button_bg_color=\"#882424\" button_font=\"FUTURA BT BOOK||||||||\" button_icon=\"?||divi||400\" button_icon_color=\"#FFFFFF\" button_icon_placement=\"left\" button_on_hover=\"off\" background_layout=\"dark\" hover_enabled=\"0\" custom_css_main_element=\"width: 100%;\" locked=\"off\" global_colors_info=\"{}\" sticky_enabled=\"0\"][\/et_pb_button][\/et_pb_column][\/et_pb_row][\/et_pb_section][et_pb_section fb_built=\"1\" _builder_version=\"4.17.3\" _module_preset=\"default\" background_color=\"#f6f6f6\" global_colors_info=\"{}\"][et_pb_row column_structure=\"1_3,1_3,1_3\" use_custom_gutter=\"on\" gutter_width=\"2\" _builder_version=\"4.17.3\" _module_preset=\"default\" global_colors_info=\"{}\"][et_pb_column type=\"1_3\" _builder_version=\"4.17.3\" _module_preset=\"default\" global_colors_info=\"{}\"][et_pb_image src=\"https:\/\/aquinas-american-school.es\/wp-content\/uploads\/2022\/05\/01-HS-Aquinas.jpg\" title_text=\"01-HS Aquinas\" _builder_version=\"4.17.3\" _module_preset=\"default\" global_colors_info=\"{}\"][\/et_pb_image][\/et_pb_column][et_pb_column type=\"1_3\" _builder_version=\"4.17.3\" _module_preset=\"default\" global_colors_info=\"{}\"][et_pb_image src=\"https:\/\/aquinas-american-school.es\/wp-content\/uploads\/2022\/05\/02-HS-Aquinas.jpg\" title_text=\"02-HS Aquinas\" _builder_version=\"4.17.3\" _module_preset=\"default\" global_colors_info=\"{}\"][\/et_pb_image][\/et_pb_column][et_pb_column type=\"1_3\" _builder_version=\"4.17.3\" _module_preset=\"default\" global_colors_info=\"{}\"][et_pb_image src=\"https:\/\/aquinas-american-school.es\/wp-content\/uploads\/2022\/05\/03-HS-Aquinas.jpg\" title_text=\"03-HS Aquinas\" _builder_version=\"4.17.3\" _module_preset=\"default\" global_colors_info=\"{}\"][\/et_pb_image][\/et_pb_column][\/et_pb_row][\/et_pb_section]","_et_gb_content_width":"","footnotes":""},"class_list":["post-1071","page","type-page","status-publish","hentry"],"_links":{"self":[{"href":"https:\/\/aquinas-american-school.es\/en\/wp-json\/wp\/v2\/pages\/1071","targetHints":{"allow":["GET"]}}],"collection":[{"href":"https:\/\/aquinas-american-school.es\/en\/wp-json\/wp\/v2\/pages"}],"about":[{"href":"https:\/\/aquinas-american-school.es\/en\/wp-json\/wp\/v2\/types\/page"}],"author":[{"embeddable":true,"href":"https:\/\/aquinas-american-school.es\/en\/wp-json\/wp\/v2\/users\/5"}],"replies":[{"embeddable":true,"href":"https:\/\/aquinas-american-school.es\/en\/wp-json\/wp\/v2\/comments?post=1071"}],"version-history":[{"count":9,"href":"https:\/\/aquinas-american-school.es\/en\/wp-json\/wp\/v2\/pages\/1071\/revisions"}],"predecessor-version":[{"id":4771,"href":"https:\/\/aquinas-american-school.es\/en\/wp-json\/wp\/v2\/pages\/1071\/revisions\/4771"}],"up":[{"embeddable":true,"href":"https:\/\/aquinas-american-school.es\/en\/wp-json\/wp\/v2\/pages\/1231"}],"wp:attachment":[{"href":"https:\/\/aquinas-american-school.es\/en\/wp-json\/wp\/v2\/media?parent=1071"}],"curies":[{"name":"wp","href":"https:\/\/api.w.org\/{rel}","templated":true}]}}