{"id":1064,"date":"2022-05-27T13:10:45","date_gmt":"2022-05-27T13:10:45","guid":{"rendered":"https:\/\/redplanetmarketing.net\/aquinas\/?page_id=1064"},"modified":"2025-10-30T12:28:46","modified_gmt":"2025-10-30T12:28:46","slug":"middle-school","status":"publish","type":"page","link":"https:\/\/aquinas-american-school.es\/en\/academics\/middle-school\/","title":{"rendered":"International Middle School Education in Madrid"},"content":{"rendered":"<p>[et_pb_section fb_built=&#8221;1&#8243; _builder_version=&#8221;4.17.3&#8243; _module_preset=&#8221;default&#8221; global_colors_info=&#8221;{}&#8221;][et_pb_row _builder_version=&#8221;4.17.3&#8243; _module_preset=&#8221;default&#8221; custom_padding=&#8221;||||false|false&#8221; locked=&#8221;off&#8221; global_colors_info=&#8221;{}&#8221;][et_pb_column type=&#8221;4_4&#8243; saved_specialty_column_type=&#8221;1_2&#8243; _builder_version=&#8221;4.17.3&#8243; _module_preset=&#8221;default&#8221; global_colors_info=&#8221;{}&#8221;][et_pb_text _builder_version=&#8221;4.17.3&#8243; _module_preset=&#8221;default&#8221; text_font=&#8221;FUTURA PT BOOK|300|||||||&#8221; text_text_color=&#8221;#6f6f6f&#8221; text_orientation=&#8221;center&#8221; custom_margin=&#8221;||0px||false|false&#8221; global_colors_info=&#8221;{}&#8221;]<span style=\"color: #040332;\">ACADEMICS<\/span>[\/et_pb_text][et_pb_text _builder_version=&#8221;4.27.4&#8243; _module_preset=&#8221;8293def9-60fd-49f5-bc4c-c3e6b201c24f&#8221; text_text_color=&#8221;gcid-ac0368fe-477a-4608-971d-d118ee0153f4&#8243; header_font=&#8221;FUTURA BT BOOK|700|||||||&#8221; header_text_color=&#8221;gcid-b100d0f9-40d8-4cc8-bf0b-a9f65780d77c&#8221; header_line_height=&#8221;1.4em&#8221; hover_enabled=&#8221;0&#8243; global_colors_info=&#8221;{%22gcid-b100d0f9-40d8-4cc8-bf0b-a9f65780d77c%22:%91%22header_2_text_color%22,%22header_2_text_color%22,%22header_2_text_color%22,%22header_text_color%22%93,%22gcid-ac0368fe-477a-4608-971d-d118ee0153f4%22:%91%22text_text_color%22%93}&#8221; sticky_enabled=&#8221;0&#8243;]<\/p>\n<h1 style=\"text-align: center;\">International Middle School Education in Madrid<\/h1>\n<p><strong>6th &#8211; 8th GRADE (6\u00ba DE PRIMARIA &#8211; 2\u00ba DE LA ESO)<\/strong><\/p>\n<p>[\/et_pb_text][et_pb_text _builder_version=&#8221;4.27.4&#8243; _module_preset=&#8221;default&#8221; text_font=&#8221;&#8211;et_global_body_font||||||||&#8221; text_font_size_tablet=&#8221;&#8221; text_font_size_phone=&#8221;15px&#8221; text_font_size_last_edited=&#8221;on|phone&#8221; global_colors_info=&#8221;{}&#8221;]<\/p>\n<nav aria-label=\"breadcrumbs\" class=\"rank-math-breadcrumb\"><p><span class=\"last\">American School in Madrid<\/span><\/p><\/nav>\n<p>[\/et_pb_text][et_pb_text _builder_version=&#8221;4.17.3&#8243; _module_preset=&#8221;default&#8221; global_colors_info=&#8221;{}&#8221;]<\/p>\n<p>Teachers at AAS stretch students to develop the analytical, creative, and communication skills that will serve them throughout their lives. During this fundamental time of growth, teachers in all subject areas guide students to develop and communicate their own informed points of view.<\/p>\n<p>Our Middle School provides a well-balanced program in academics, athletics, and the arts, but our goal is much more ambitious, we want students to think for themselves.<\/p>\n<p>[\/et_pb_text][\/et_pb_column][\/et_pb_row][\/et_pb_section][et_pb_section fb_built=&#8221;1&#8243; _builder_version=&#8221;4.17.3&#8243; _module_preset=&#8221;default&#8221; background_color=&#8221;#f6f6f6&#8243; global_colors_info=&#8221;{}&#8221;][et_pb_row column_structure=&#8221;1_3,1_3,1_3&#8243; use_custom_gutter=&#8221;on&#8221; gutter_width=&#8221;2&#8243; _builder_version=&#8221;4.17.3&#8243; _module_preset=&#8221;default&#8221; global_colors_info=&#8221;{}&#8221;][et_pb_column type=&#8221;1_3&#8243; _builder_version=&#8221;4.17.3&#8243; _module_preset=&#8221;default&#8221; global_colors_info=&#8221;{}&#8221;][et_pb_image src=&#8221;https:\/\/aquinas-american-school.es\/wp-content\/uploads\/2022\/05\/01-Aquinas-middle.jpg&#8221; title_text=&#8221;01 Aquinas middle&#8221; _builder_version=&#8221;4.17.3&#8243; _module_preset=&#8221;default&#8221; global_colors_info=&#8221;{}&#8221;][\/et_pb_image][\/et_pb_column][et_pb_column type=&#8221;1_3&#8243; _builder_version=&#8221;4.17.3&#8243; _module_preset=&#8221;default&#8221; global_colors_info=&#8221;{}&#8221;][et_pb_image src=&#8221;https:\/\/aquinas-american-school.es\/wp-content\/uploads\/2022\/05\/04-Aquinas-middle.jpg&#8221; title_text=&#8221;04 Aquinas middle&#8221; _builder_version=&#8221;4.17.3&#8243; _module_preset=&#8221;default&#8221; global_colors_info=&#8221;{}&#8221;][\/et_pb_image][\/et_pb_column][et_pb_column type=&#8221;1_3&#8243; _builder_version=&#8221;4.17.3&#8243; _module_preset=&#8221;default&#8221; global_colors_info=&#8221;{}&#8221;][et_pb_image src=&#8221;https:\/\/aquinas-american-school.es\/wp-content\/uploads\/2022\/05\/03-Aquinas-middle.jpg&#8221; title_text=&#8221;03 Aquinas middle&#8221; _builder_version=&#8221;4.17.3&#8243; _module_preset=&#8221;default&#8221; global_colors_info=&#8221;{}&#8221;][\/et_pb_image][\/et_pb_column][\/et_pb_row][\/et_pb_section]<\/p>\n","protected":false},"excerpt":{"rendered":"<p>ACADEMICSInternational Middle School Education in Madrid 6th &#8211; 8th GRADE (6\u00ba DE PRIMARIA &#8211; 2\u00ba DE LA ESO)<nav aria-label=\"breadcrumbs\" class=\"rank-math-breadcrumb\"><p><span class=\"last\">American School in Madrid<\/span><\/p><\/nav>Teachers at AAS stretch students to develop the analytical, creative, and communication skills that will serve them throughout their lives. During this fundamental time of growth, teachers in all subject areas guide students to develop and communicate their [&hellip;]<\/p>\n","protected":false},"author":5,"featured_media":0,"parent":1231,"menu_order":0,"comment_status":"closed","ping_status":"closed","template":"","meta":{"_et_pb_use_builder":"on","_et_pb_old_content":"<!-- wp:divi\/placeholder -->\r\n[et_pb_section fb_built=\"1\" _builder_version=\"4.17.3\" _module_preset=\"default\" global_colors_info=\"{}\" theme_builder_area=\"post_content\"][et_pb_row _builder_version=\"4.17.3\" _module_preset=\"default\" custom_padding=\"||||false|false\" locked=\"off\" global_colors_info=\"{}\" theme_builder_area=\"post_content\"][et_pb_column type=\"4_4\" saved_specialty_column_type=\"1_2\" _builder_version=\"4.17.3\" _module_preset=\"default\" global_colors_info=\"{}\" theme_builder_area=\"post_content\"][et_pb_text _builder_version=\"4.17.3\" _module_preset=\"default\" text_font=\"FUTURA PT BOOK|300|||||||\" text_text_color=\"#6f6f6f\" text_orientation=\"center\" custom_margin=\"||0px||false|false\" global_colors_info=\"{}\" theme_builder_area=\"post_content\"]<p><span style=\"color: #040332;\">ESTUDIOS<\/span><\/p>[\/et_pb_text][et_pb_text _builder_version=\"4.17.3\" _module_preset=\"8293def9-60fd-49f5-bc4c-c3e6b201c24f\" text_text_color=\"gcid-ac0368fe-477a-4608-971d-d118ee0153f4\" header_font=\"FUTURA BT BOOK|700|||||||\" header_text_color=\"gcid-b100d0f9-40d8-4cc8-bf0b-a9f65780d77c\" header_line_height=\"1.4em\" header_2_text_color=\"gcid-b100d0f9-40d8-4cc8-bf0b-a9f65780d77c\" hover_enabled=\"0\" global_colors_info=\"{%22gcid-b100d0f9-40d8-4cc8-bf0b-a9f65780d77c%22:%91%22header_2_text_color%22,%22header_2_text_color%22,%22header_2_text_color%22,%22header_text_color%22%93,%22gcid-ac0368fe-477a-4608-971d-d118ee0153f4%22:%91%22text_text_color%22%93}\" theme_builder_area=\"post_content\" sticky_enabled=\"0\"]<h1 style=\"text-align: center;\"><span>Middle School<\/span><\/h1>\r\n<p><strong>6th - 8th GRADE (6\u00ba DE PRIMARIA - 2\u00ba DE LA ESO)<\/strong><\/p>[\/et_pb_text][et_pb_text _builder_version=\"4.17.3\" _module_preset=\"default\" hover_enabled=\"0\" global_colors_info=\"{}\" theme_builder_area=\"post_content\" sticky_enabled=\"0\"]<p>Los profesores de AAS forman a los estudiantes para desarrollar herramientas anal\u00edticas, creativas y de comunicaci\u00f3n. El objetivo de nuestro curriculum se centra en la consecuci\u00f3n de la maestr\u00eda de estas habilidades a trav\u00e9s de la investigaci\u00f3n colaborativa en un entorno de aprendizaje totalmente individualizado a trav\u00e9s del estudio de as lenguas, artes, matem\u00e1ticas, ciencias y ciencias sociales.<\/p>\r\n<p>Nuestro Middle School proporciona un programa acad\u00e9mico equilibrado incorporando estudio, deporte y artes, pero nuestro objetivo es mucho m\u00e1s ambicioso: queremos que los ni\u00f1os piensen por s\u00ed mismos.<\/p>[\/et_pb_text][\/et_pb_column][\/et_pb_row][\/et_pb_section][et_pb_section fb_built=\"1\" _builder_version=\"4.17.3\" _module_preset=\"default\" background_color=\"#f6f6f6\" global_colors_info=\"{}\" theme_builder_area=\"post_content\"][et_pb_row column_structure=\"1_3,1_3,1_3\" use_custom_gutter=\"on\" gutter_width=\"2\" _builder_version=\"4.17.3\" _module_preset=\"default\" global_colors_info=\"{}\" theme_builder_area=\"post_content\"][et_pb_column type=\"1_3\" _builder_version=\"4.17.3\" _module_preset=\"default\" global_colors_info=\"{}\" theme_builder_area=\"post_content\"][et_pb_image src=\"https:\/\/aquinas-american-school.es\/wp-content\/uploads\/2022\/05\/01-Aquinas-middle.jpg\" title_text=\"01 Aquinas middle\" _builder_version=\"4.17.3\" _module_preset=\"default\" global_colors_info=\"{}\" theme_builder_area=\"post_content\"][\/et_pb_image][\/et_pb_column][et_pb_column type=\"1_3\" _builder_version=\"4.17.3\" _module_preset=\"default\" global_colors_info=\"{}\" theme_builder_area=\"post_content\"][et_pb_image src=\"https:\/\/aquinas-american-school.es\/wp-content\/uploads\/2022\/05\/04-Aquinas-middle.jpg\" title_text=\"04 Aquinas middle\" _builder_version=\"4.17.3\" _module_preset=\"default\" hover_enabled=\"0\" global_colors_info=\"{}\" theme_builder_area=\"post_content\" sticky_enabled=\"0\"][\/et_pb_image][\/et_pb_column][et_pb_column type=\"1_3\" _builder_version=\"4.17.3\" _module_preset=\"default\" global_colors_info=\"{}\" theme_builder_area=\"post_content\"][et_pb_image src=\"https:\/\/aquinas-american-school.es\/wp-content\/uploads\/2022\/05\/03-Aquinas-middle.jpg\" title_text=\"03 Aquinas middle\" _builder_version=\"4.17.3\" _module_preset=\"default\" global_colors_info=\"{}\" theme_builder_area=\"post_content\"][\/et_pb_image][\/et_pb_column][\/et_pb_row][\/et_pb_section]\r\n<!-- \/wp:divi\/placeholder -->","_et_gb_content_width":"","footnotes":""},"class_list":["post-1064","page","type-page","status-publish","hentry"],"_links":{"self":[{"href":"https:\/\/aquinas-american-school.es\/en\/wp-json\/wp\/v2\/pages\/1064","targetHints":{"allow":["GET"]}}],"collection":[{"href":"https:\/\/aquinas-american-school.es\/en\/wp-json\/wp\/v2\/pages"}],"about":[{"href":"https:\/\/aquinas-american-school.es\/en\/wp-json\/wp\/v2\/types\/page"}],"author":[{"embeddable":true,"href":"https:\/\/aquinas-american-school.es\/en\/wp-json\/wp\/v2\/users\/5"}],"replies":[{"embeddable":true,"href":"https:\/\/aquinas-american-school.es\/en\/wp-json\/wp\/v2\/comments?post=1064"}],"version-history":[{"count":6,"href":"https:\/\/aquinas-american-school.es\/en\/wp-json\/wp\/v2\/pages\/1064\/revisions"}],"predecessor-version":[{"id":4776,"href":"https:\/\/aquinas-american-school.es\/en\/wp-json\/wp\/v2\/pages\/1064\/revisions\/4776"}],"up":[{"embeddable":true,"href":"https:\/\/aquinas-american-school.es\/en\/wp-json\/wp\/v2\/pages\/1231"}],"wp:attachment":[{"href":"https:\/\/aquinas-american-school.es\/en\/wp-json\/wp\/v2\/media?parent=1064"}],"curies":[{"name":"wp","href":"https:\/\/api.w.org\/{rel}","templated":true}]}}